{"id":164,"date":"2020-06-13T17:40:15","date_gmt":"2020-06-13T17:40:15","guid":{"rendered":"http:\/\/riceblues.de\/?page_id=164"},"modified":"2023-03-22T16:40:27","modified_gmt":"2023-03-22T16:40:27","slug":"blog","status":"publish","type":"page","link":"http:\/\/riceblues.de\/?page_id=164","title":{"rendered":"Blog"},"content":{"rendered":"\n<p>23.3.2023<\/p>\n\n\n\n<h2 class=\"wp-block-heading\">Nach den Heften kommt der Stift- DER STIFT<\/h2>\n\n\n\n<p>Zu den Heften, in die man notiert, braucht man einen Stift. Und das coolste, was ich dazu gefunden habe, und nach dem ich auch s\u00fcchtig bin ist das: <a rel=\"noopener\" href=\"https:\/\/www.amazon.de\/dp\/B002XZLV12?amp=&amp;crid=2K3DR1I7M8MYQ&amp;amp=&amp;sprefix=frixion+&amp;linkCode=li1&amp;tag=stochapticles-21&amp;linkId=fdcdae3bf80d75dbe3a351cb2dedaf88&amp;language=de_DE&amp;ref_=as_li_ss_il\" target=\"_blank\"><img decoding=\"async\" border=\"0\" src=\"\/\/ws-eu.amazon-adsystem.com\/widgets\/q?_encoding=UTF8&amp;ASIN=B002XZLV12&amp;Format=_SL110_&amp;ID=AsinImage&amp;MarketPlace=DE&amp;ServiceVersion=20070822&amp;WS=1&amp;tag=stochapticles-21&amp;language=de_DE\"><\/a>, der <a href=\"https:\/\/amzn.to\/3FKtpc6\">Frixion-Tintenroller<img loading=\"lazy\" decoding=\"async\" width=\"1\" height=\"1\" border=\"0\" style=\"border:none !important; margin:0px !important;\" src=\"https:\/\/ir-de.amazon-adsystem.com\/e\/ir?t=stochapticles-21&amp;language=de_DE&amp;l=li1&amp;o=3&amp;a=B002XZLV12\" alt=\"\"><\/a>. Die Strichst\u00e4rke ist fein genug um auch in Partituren rumzukritzeln, deutlich sichtbar, aber nicht aufdringlich. Die Tinte saugt sich nicht ins Blatt ein und ist sehr gut radierbar, besser als Bleistift. Und damit wollte ich es an Werbung eigentlich genug sein lassen, aber ich bin wohl nicht der einzige Fan, in der <a href=\"https:\/\/www.zeit.de\/zeit-magazin\/2023-03\/frixion-tintenroller-pilot-stift-radierer?utm_referrer=https%3A%2F%2Fwww.google.com%2F\">&#8222;Zeit&#8220; kann man einen ganzseitigen Hymnus <\/a>dazu lesen. Und lustig ist es auch noch.<\/p>\n\n\n\n<p>Ich gebe aber zu, dass mein F\u00fcller immer meine erste Wahl bleiben wird.<\/p>\n\n\n\n<p>21.3.2023<\/p>\n\n\n\n<h2 class=\"wp-block-heading\">Notizhefte f\u00fcr Singer-Songwriter (ein Vergleich)<\/h2>\n\n\n\n<p>Als Singer-Songwriter hat man besondere Anforderungen an seine Notizb\u00fccher. Wenn einen eine Idee \u00fcberf\u00e4llt, muss man sie schnell aufschreiben k\u00f6nnen, als Text, als Akkorde oder als Tabulatur. Eine Zeit lang hatte ich immer Tabulaturbl\u00e4tter mit aber das ist mir einfach zu unordentlich.<\/p>\n\n\n\n<p>Au\u00dferdem bin ich auch der Moleskine-\u00c4sthetik verfallen, finde sie aber f\u00fcr Musik einfach zu unpraktisch. Ich will ja nicht erst Tabulator-Linien und Akkordsymbole zeichnen. Bis dahin habe ich eh schon alles vergessen.<\/p>\n\n\n\n<p>Also habe ich mir mal drei verschiedene Notizhefte bestellt &#8211; auch weil ich als <a href=\"http:\/\/riceblues.de\/?page_id=309\">Kursleiter<\/a> f\u00fcr einen Gitarrenkurs Tips geben m\u00f6chte. Tja, und die Ergebnisse habe ich mal untern aufgelistet. Mein absoluter Favorit ist das 6 x 9&#8243; Campfire Songbook. Schl\u00e4gt man es auf, hat man als erstes eine Notizseite, wo man praktischerweise seine pers\u00f6nlichen Daten reinschreiben kann. Da hat jemand mitgedacht. <\/p>\n\n\n\n<p>Schl\u00e4gt man eine Seite weiter hat man mmer die Aufteilung: links ein liniertes Blatt, rechts Akkorde und Tabulaturlinien. Das finde ich sehr cool.<\/p>\n\n\n\n<p>Da man oft auch in schlecht beleuchteten Umgebungen, wie Backstager\u00e4umen, Z\u00fcgen, Bars unterwegs ist, sollte die Linierung deutlich sein, aber auch nicht wirklich aufdringlich. Das ist beim 8 1\/2 x 11&#8243;-Guitar Heft leider nicht der Fall. Die Linien sind da helles Blau auf wei\u00df &#8211; sehr schlecht zu erkennen. Bei den Campfire-Songs ist das sehr sch\u00f6n gel\u00f6st.  Am besten ist das beim A4-Tabulaturenbook gemacht, aber das schwarz auf weiss ist sehr &#8222;blockig&#8220; und fast schon aufdringlich. <\/p>\n\n\n\n<p>Die H\u00fcllen sind jeweils wasserbweisend beschichtete Pappe, am robustesten bei dem Campfire-Songs-Heft gel\u00f6st. Das ist am Ende auch mein Favorit. Die Unterschiede sind klein, aber fein und machen am Ende den Unterschied.<\/p>\n\n\n\n<p>Alle Hefte sind on-demand durch amazon gedruckt. Also besteht an dieser Stelle kein Unterschied. Abschlie\u00dfend habe ich das ganze noch mal tabellarisch aufgef\u00fchrt. Beim Klick auf die Symbole k\u00f6nnt Ihr die Hefte gleich bestellen. <\/p>\n\n\n\n<p>Be inspired!<\/p>\n\n\n\n<h2 class=\"wp-block-heading\"><\/h2>\n\n\n\n<figure class=\"wp-block-table is-style-regular\"><table class=\"has-deejay-darkgrey-background-color has-text-color has-background\" style=\"color:#fef6f6\"><thead><tr><th>Auswahl          <\/th><th><a href=\"https:\/\/www.amazon.de\/gp\/product\/B08RCJCMF7?ie=UTF8&amp;psc=1&amp;linkCode=li2&amp;tag=stochapticles-21&amp;linkId=8611c5d5d1bfe06de7bdcd8690cf28ed&amp;language=de_DE&amp;ref_=as_li_ss_il\" target=\"_blank\" rel=\"noreferrer noopener\"><img decoding=\"async\" src=\"\/\/ws-eu.amazon-adsystem.com\/widgets\/q?_encoding=UTF8&amp;ASIN=B08RCJCMF7&amp;Format=_SL160_&amp;ID=AsinImage&amp;MarketPlace=DE&amp;ServiceVersion=20070822&amp;WS=1&amp;tag=stochapticles-21&amp;language=de_DE\" border=\"0\"><\/a><img loading=\"lazy\" decoding=\"async\" style=\"border:none !important; margin:0px !important;\" src=\"https:\/\/ir-de.amazon-adsystem.com\/e\/ir?t=stochapticles-21&amp;language=de_DE&amp;l=li2&amp;o=3&amp;a=B08RCJCMF7\" alt=\"\" width=\"1\" height=\"1\" border=\"0\"><\/th><th><a href=\"https:\/\/www.amazon.de\/gp\/product\/1794436847?ie=UTF8&amp;psc=1&amp;linkCode=li2&amp;tag=stochapticles-21&amp;linkId=3227b38901bea0845a87e8a020e0a00c&amp;language=de_DE&amp;ref_=as_li_ss_il\" target=\"_blank\" rel=\"noopener\"><img decoding=\"async\" src=\"\/\/ws-eu.amazon-adsystem.com\/widgets\/q?_encoding=UTF8&amp;ASIN=1794436847&amp;Format=_SL160_&amp;ID=AsinImage&amp;MarketPlace=DE&amp;ServiceVersion=20070822&amp;WS=1&amp;tag=stochapticles-21&amp;language=de_DE\" style=\"width: 180px;\" border=\"0\"><\/a><img loading=\"lazy\" decoding=\"async\" src=\"https:\/\/ir-de.amazon-adsystem.com\/e\/ir?t=stochapticles-21&amp;language=de_DE&amp;l=li2&amp;o=3&amp;a=1794436847\" alt=\"\" style=\"border:none !important; margin:0px !important;\" width=\"1\" height=\"1\" border=\"0\"><\/th><th><a rel=\"noopener\" href=\"https:\/\/www.amazon.de\/gp\/product\/1798829266?ie=UTF8&amp;psc=1&amp;linkCode=li2&amp;tag=stochapticles-21&amp;linkId=d541ca63450824e08f763d8c022639d6&amp;language=de_DE&amp;ref_=as_li_ss_il\" target=\"_blank\"><img decoding=\"async\" src=\"\/\/ws-eu.amazon-adsystem.com\/widgets\/q?_encoding=UTF8&amp;ASIN=1798829266&amp;Format=_SL160_&amp;ID=AsinImage&amp;MarketPlace=DE&amp;ServiceVersion=20070822&amp;WS=1&amp;tag=stochapticles-21&amp;language=de_DE\" style=\"width: 180px;\"><\/a><img loading=\"lazy\" decoding=\"async\" style=\"border:none !important; margin:0px !important;\" src=\"https:\/\/ir-de.amazon-adsystem.com\/e\/ir?t=stochapticles-21&amp;language=de_DE&amp;l=li2&amp;o=3&amp;a=1798829266\" alt=\"\" width=\"1\" height=\"1\" border=\"0\"><\/th><\/tr><\/thead><tbody><tr><td><\/td><td><\/td><td><\/td><td><\/td><\/tr><tr><td>Gr\u00f6\u00dfe<\/td><td>A4<\/td><td>8 1\/2 x 11&#8243;(fast A4)<\/td><td>6 x 9&#8243;(fast A5)<\/td><\/tr><tr><td>Akkorde<\/td><td>ja<\/td><td>ja<\/td><td>ja, gerade Seiten<\/td><\/tr><tr><td>Tabulatur<\/td><td>ja<\/td><td>ja, leider relativ schlecht sichtbar(blau auf wei\u00df)<\/td><td>ja, gerade Seiten<\/td><\/tr><tr><td>Noten<\/td><td>nein<\/td><td>nein<\/td><td>nein<\/td><\/tr><tr><td>Text<\/td><td>nein<\/td><td>nein, aber es ist Platz<br>zwischen den Tabulaturen<\/td><td>ja, ungerade Seiten<\/td><\/tr><tr><td>Seiten<\/td><td>80<\/td><td>120<\/td><td>108<\/td><\/tr><tr><td>Bewertung<\/td><td>gut<\/td><td>ok<\/td><td><strong>Favorit<\/strong><\/td><\/tr><\/tbody><\/table><\/figure>\n\n\n\n<p>17.4.2022<\/p>\n\n\n\n<h2 class=\"wp-block-heading\">Es geht wieder los<\/h2>\n\n\n\n<p>Endlich geht es wieder los. Lampenfieber, schwei\u00dfige H\u00e4nde, vom Licht geblendet, Publikum, Text vergessen, ach doch nicht. Was eben so Auftritte sind. Am kommenden Mittwoch, dem 20.4.2022 spiele in <a href=\"https:\/\/import-export.cc\/event\/singer-songwriter-session-8\/\">Singer\/Songwriter-Session im Import\/Export<\/a>. Kommt zahlreich, immerhin bin ich auch da.<\/p>\n\n\n\n<p><\/p>\n\n\n\n<h2 class=\"wp-block-heading\">Ich wei\u00df, was ich zu Corona-Zeiten gemacht habe<\/h2>\n\n\n\n<p>26.11.2020<\/p>\n\n\n\n<p>Ok, ich gebe zu, ich habe Lockdown und Quarant\u00e4ne genutzt, um etwas Neues zu probieren.  Es ist weder das Sammeln malaysischer Kampfmatchbox noch das Sortieren postsowjetischer Putin-Zitate. Auch das Kn\u00fcpfen japanischer Bondageknoten zum Befestigen von Blument\u00f6pfen &#8211; fr\u00fcher Macramee genannt &#8211; habe ich nicht zu meinem Hobby ernannt.<\/p>\n\n\n\n<p>Es ist etwas ganz schreckliches: Geigespielen.<\/p>\n\n\n\n<p>An dieser Stelle mache ich dann mal eine kurze Pause. <\/p>\n\n\n\n<p>Meine masochistische Ader kannte ich bisher auch nicht. <\/p>\n\n\n\n<h2 class=\"wp-block-heading\">Happy Birthday, Bert Jansch<\/h2>\n\n\n\n<p>3.11.2020<\/p>\n\n\n\n<p>Am 3. November 1943  wurde <a href=\"https:\/\/en.wikipedia.org\/wiki\/Bert_Jansch\">Bert Jansch<\/a> in Glasgow geboren.  Bekannt wurde er vor allem als Gro\u00dfkonsument von Guiness. <\/p>\n\n\n\n<p>Nebenher gr\u00fcndete er zusammen mit John Renbourn das Jazzfolk-Quintett <a href=\"https:\/\/de.wikipedia.org\/wiki\/Pentangle\">Pentangle<\/a> und spielte nebenher noch eine Reihe von Platten ein, die ihn als einen Innovator der akustischen Gitarre auswiesen. Ok, manche nannten den Stil dann Folk-Barock. Was ja auch wieder stimmt. <\/p>\n\n\n\n<p>Was jedoch Jimi Page von Led Zeppelin nicht abhielt, Bert Janschs markantes Arrangement von <a href=\"https:\/\/youtu.be\/f5Gcu0Sv6lk\">Blackwaterside<\/a> unter dem Titel <a href=\"https:\/\/youtu.be\/sUFCkM-tNUQ\">Black Mountain Side<\/a> auf ihre Debut-LP &#8222;Led Zeppelin I&#8220; zu pressen:<\/p>\n\n\n\n<p class=\"has-text-align-center\"><iframe style=\"width:120px;height:240px;\" marginwidth=\"0\" marginheight=\"0\" scrolling=\"no\" src=\"\/\/ws-eu.amazon-adsystem.com\/widgets\/q?ServiceVersion=20070822&amp;OneJS=1&amp;Operation=GetAdHtml&amp;MarketPlace=DE&amp;source=ac&amp;ref=tf_til&amp;ad_type=product_link&amp;tracking_id=stochapticles-21&amp;marketplace=amazon&amp;region=DE&amp;placement=B00SYVVRRC&amp;asins=B00SYVVRRC&amp;linkId=eccf8f34866b988fb6f31dbef9321bba&amp;show_border=false&amp;link_opens_in_new_window=false&amp;price_color=333333&amp;title_color=0066c0&amp;bg_color=ffffff\" frameborder=\"0\">\n    <\/iframe><\/p>\n\n\n\n<p>Es gibt einen tollen, von der BBC produzierten Film, <a href=\"https:\/\/youtu.be\/qvosQ_cwfgM\">&#8222;Dreamweaver&#8220;<\/a>  \u00fcber Bert, den man sich auf Youtube anschauen kann &#8211; und sollte. Als Hintergrund f\u00fcr Bert Janschs Karierre sollte man sich auch die <a href=\"https:\/\/youtu.be\/F5QJOD7LvTk?list=PLCBEC673A3DB95F60\">7(!)-teilige Doku zum britischen Folk-Revival<\/a> reinziehen. <\/p>\n\n\n\n<p>Die <a href=\"https:\/\/www.bertjansch.com\/\">Bert-Jansch-Foundation<\/a> hat ein mit viel Liebe zusammengestelltes Songbook &#8222;Bert -transcribed&#8220;  mit einer sorgf\u00e4ltigen Transkription der Gitarrenbegleitung herausgegeben. Neben den reinen Transkriptionen gibt es sorgf\u00e4ltig erarbeitete Interpretationshinweise, Beispiele f\u00fcr alternative Varianten und einige sehr sch\u00f6ne Fotos. Sehr hilfreich finde ich auch die Einteilung in drei Schwierigkeitsgrade von 1 &#8211; f\u00fcr hart &#8211; zu 3 &#8211; f\u00fcr Fingerbrecher.  Es ist definitiv nichts f\u00fcr Einsteiger. <\/p>\n\n\n\n<p>Aber jeder, der sich dem Werk eines der Innovatoren der akustischen Gitarre auseinandersetzen will, sollte sich das Werk zulegen. Hier zum Beispiel:<\/p>\n\n\n\n<p class=\"has-text-align-center\"><iframe style=\"width:120px;height:240px;\" marginwidth=\"0\" marginheight=\"0\" scrolling=\"no\" src=\"\/\/ws-eu.amazon-adsystem.com\/widgets\/q?ServiceVersion=20070822&amp;OneJS=1&amp;Operation=GetAdHtml&amp;MarketPlace=DE&amp;source=ac&amp;ref=tf_til&amp;ad_type=product_link&amp;tracking_id=stochapticles-21&amp;marketplace=amazon&amp;region=DE&amp;placement=178558555X&amp;asins=178558555X&amp;linkId=bf07ceb47bde76cf7e86b17877e7a831&amp;show_border=false&amp;link_opens_in_new_window=false&amp;price_color=ffffff&amp;title_color=0066c0&amp;bg_color=333333\" frameborder=\"0\">     <\/iframe><\/p>\n\n\n\n<p>Es ist jeden Cent wert, und auch jede Minute, den man mit dem Spielen dieser Songs verbringt.<\/p>\n\n\n\n<h2 class=\"wp-block-heading\">Lieder in Zeiten von Corona<\/h2>\n\n\n\n<p>Offizielle letzte Setlist<br><\/p>\n\n\n\n<p><strong>Setlist 11.10.2020<\/strong><\/p>\n\n\n\n<p>Spass dabei (G-Dur)<\/p>\n\n\n\n<p>Pocketful of soul (E-Dur)<\/p>\n\n\n\n<p>Schrannenhalle (e-moll\/G-Dur)<\/p>\n\n\n\n<p>Blumen vorm Balkon (G-Dur\/C-moll)<\/p>\n\n\n\n<p>Was S\u00fc\u00dfes in meinen Topf (G-Dur\/C-moll)<\/p>\n\n\n\n<p>Drachent\u00f6ter (C-Dur)<\/p>\n\n\n\n<p>Berlin, uff der Sch\u00f6nhauser (a-moll)<\/p>\n\n\n\n<p>Jonny Walker (C-Dur)<\/p>\n\n\n\n<p>Neues Viertel (C-Dur)<\/p>\n\n\n\n<p>Cafe Amelie (G-Dur)<\/p>\n\n\n\n<p>Lugubriously yours (C-Dur)<\/p>\n\n\n\n<p>Wagon Wheel (A-Dur)<\/p>\n\n\n\n<h2 class=\"wp-block-heading\">Zwischendurch a Goa\u00dflschnalzer<\/h2>\n\n\n\n<p>11.10.2020<\/p>\n\n\n\n<p>So spontan mein B\u00fchnencomeback war, es wurde noch spontaner. Zum G\u00fcck hatte sich die PA-Situation gekl\u00e4rt. Meinen Slot habe ich dann noch mit <a href=\"http:\/\/www.samydanger.com\/\">Samy Danger<\/a> geteilt. He, das hat Spass gemacht!<\/p>\n\n\n\n<p>Und zwischendurch gab&#8217;s von nebenan einen z\u00fcnftigen Goa\u00dflschnalzer. Ich habe aber gewonnen, glaube ich.<\/p>\n\n\n\n<figure class=\"wp-block-image size-large\"><img loading=\"lazy\" decoding=\"async\" width=\"944\" height=\"571\" src=\"http:\/\/riceblues.de\/wp-content\/uploads\/2020\/10\/121599756_2860779187491700_2076386377778652661_n.jpg\" alt=\"\" class=\"wp-image-194\" srcset=\"http:\/\/riceblues.de\/wp-content\/uploads\/2020\/10\/121599756_2860779187491700_2076386377778652661_n.jpg 944w, http:\/\/riceblues.de\/wp-content\/uploads\/2020\/10\/121599756_2860779187491700_2076386377778652661_n-300x181.jpg 300w, http:\/\/riceblues.de\/wp-content\/uploads\/2020\/10\/121599756_2860779187491700_2076386377778652661_n-768x465.jpg 768w\" sizes=\"auto, (max-width: 944px) 100vw, 944px\" \/><\/figure>\n\n\n\n<h2 class=\"wp-block-heading\">Zur\u00fcck auf die B\u00fchne<\/h2>\n\n\n\n<p>10.10.2020<\/p>\n\n\n\n<p>Ein bi\u00dfchen hibbelig bin ich schon. Nach einem halben Jahr zeige ich mich wieder auf der B\u00fchne. &#8222;<a href=\"https:\/\/www.gemeinde-woerthsee.de\/2020\/09\/16\/woerthsee-zeigt-sich\/#:~:text=%E2%80%9EW%C3%B6rthsee%20zeigt%20sich%21%E2%80%9C%20soll%20ein%20erlebnisreicher%20Tag%20f%C3%BCr,an%20die%20Abstandsregeln%20und%20tragen%20Sie%20eine%20Mund-Nase-Bedeckung.\">W\u00f6rthsee zeigt sich<\/a>&#8220; zeigt sich und ich mich auch. Im Rahmen dieser Veranstaltung spiele ich am Sonntag, dem 11.10.2020 im Pavillon am Maibaumplatz von 14-15 Uhr. Das ist jetzt etwas spontan, deswegen habe ich zur Abrundung ein paar <a href=\"https:\/\/www.facebook.com\/search\/top\/?q=jindrich%20novotny\">Freunde <\/a>eingeladen. Der Status der PA ist noch unklar. Mal sehen. Hoffentlich spielt das <a href=\"https:\/\/kachelmannwetter.com\/de\/vorhersage\/2806072-woerthsee\/kompakt\">Wetter <\/a>mit. Es sieht eigentlich ganz gut aus.<\/p>\n\n\n\n<p>Ich finde es wunderbar, dass nach dem erzwungenen &#8222;Corona&#8220;-Schlaf, wieder was passiert. Leider sind die Vorzeichen nicht all zu gut. Setzt die Mascherina auf und haltet Abstand, bleibt gesund!<\/p>\n\n\n\n<p><\/p>\n\n\n\n<h2 class=\"wp-block-heading\">Rosenstatus<\/h2>\n\n\n\n<p>14.6.2020<\/p>\n\n\n\n<figure class=\"wp-block-image size-large\"><img loading=\"lazy\" decoding=\"async\" width=\"959\" height=\"1024\" src=\"http:\/\/riceblues.de\/wp-content\/uploads\/2020\/06\/IMG-20200611-WA0001-959x1024.jpg\" alt=\"\" class=\"wp-image-171\" srcset=\"http:\/\/riceblues.de\/wp-content\/uploads\/2020\/06\/IMG-20200611-WA0001-959x1024.jpg 959w, http:\/\/riceblues.de\/wp-content\/uploads\/2020\/06\/IMG-20200611-WA0001-281x300.jpg 281w, http:\/\/riceblues.de\/wp-content\/uploads\/2020\/06\/IMG-20200611-WA0001-768x820.jpg 768w, http:\/\/riceblues.de\/wp-content\/uploads\/2020\/06\/IMG-20200611-WA0001-1439x1536.jpg 1439w, http:\/\/riceblues.de\/wp-content\/uploads\/2020\/06\/IMG-20200611-WA0001.jpg 1499w\" sizes=\"auto, (max-width: 959px) 100vw, 959px\" \/><figcaption class=\"wp-element-caption\">Aquarell<\/figcaption><\/figure>\n\n\n\n<h2 class=\"wp-block-heading\">Rosenstatus<\/h2>\n\n\n\n<p>13.6.2020<\/p>\n\n\n\n<figure class=\"wp-block-image size-large\"><img loading=\"lazy\" decoding=\"async\" width=\"576\" height=\"1024\" src=\"http:\/\/riceblues.de\/wp-content\/uploads\/2020\/06\/IMG-20200613-WA0003-576x1024.jpeg\" alt=\"\" class=\"wp-image-168\" srcset=\"http:\/\/riceblues.de\/wp-content\/uploads\/2020\/06\/IMG-20200613-WA0003-576x1024.jpeg 576w, http:\/\/riceblues.de\/wp-content\/uploads\/2020\/06\/IMG-20200613-WA0003-169x300.jpeg 169w, http:\/\/riceblues.de\/wp-content\/uploads\/2020\/06\/IMG-20200613-WA0003-768x1365.jpeg 768w, http:\/\/riceblues.de\/wp-content\/uploads\/2020\/06\/IMG-20200613-WA0003-864x1536.jpeg 864w, http:\/\/riceblues.de\/wp-content\/uploads\/2020\/06\/IMG-20200613-WA0003-1152x2048.jpeg 1152w, http:\/\/riceblues.de\/wp-content\/uploads\/2020\/06\/IMG-20200613-WA0003-scaled.jpeg 1440w\" sizes=\"auto, (max-width: 576px) 100vw, 576px\" \/><figcaption class=\"wp-element-caption\">Rosen und Lavendel<\/figcaption><\/figure>\n\n\n\n<h2 class=\"wp-block-heading\">Kleinkunst in den Zeiten von Corona<\/h2>\n\n\n\n<p>13.6.2020<\/p>\n\n\n\n<p>Corona macht Auftritte unm\u00f6glich. Ist ja auch besser f\u00fcr die Gesundheit, aber leider schade f\u00fcr das Publikum. Es gibt sie nicht mehr, die Orte, wo Kunst und Publikum sich treffen k\u00f6nnen und Spass miteinander haben.<\/p>\n\n\n\n<p>Das ist schade. Es ist ein d\u00fcnnes Band, das K\u00fcnstler und Publikum in der live-Szene verbindet. Man trifft sich unverbindlich, aber aus Interesse. Und wenn die Chemie stimmt, wenn es gef\u00e4llt, wenn die Produkte des Auftretenden etwas beim Publikum bewegen, w\u00e4chst das Band. Man sieht sich \u00f6fter, man unterst\u00fctzt und bekommt Unterst\u00fctzung.<\/p>\n\n\n\n<p>Das Band ist zerrissen. Mancher wird vielleicht nicht mehr zur\u00fcckkehren an solche Orte, wo man sich begegnet. Es ist so schade.<\/p>\n\n\n\n<p><\/p>\n\n\n\n<h2 class=\"wp-block-heading\"><\/h2>\n","protected":false},"excerpt":{"rendered":"<p>23.3.2023 Nach den Heften kommt der Stift- DER STIFT Zu den Heften, in die man notiert, braucht man einen Stift. Und das coolste, was ich dazu gefunden habe, und nach dem ich auch s\u00fcchtig bin&hellip; <\/p>\n<p><a class=\"more-link\" href=\"http:\/\/riceblues.de\/?page_id=164\">Blog weiterlesen<\/a><\/p>\n","protected":false},"author":1,"featured_media":0,"parent":0,"menu_order":0,"comment_status":"closed","ping_status":"closed","template":"","meta":{"footnotes":""},"class_list":["post-164","page","type-page","status-publish","hentry"],"_links":{"self":[{"href":"http:\/\/riceblues.de\/index.php?rest_route=\/wp\/v2\/pages\/164","targetHints":{"allow":["GET"]}}],"collection":[{"href":"http:\/\/riceblues.de\/index.php?rest_route=\/wp\/v2\/pages"}],"about":[{"href":"http:\/\/riceblues.de\/index.php?rest_route=\/wp\/v2\/types\/page"}],"author":[{"embeddable":true,"href":"http:\/\/riceblues.de\/index.php?rest_route=\/wp\/v2\/users\/1"}],"replies":[{"embeddable":true,"href":"http:\/\/riceblues.de\/index.php?rest_route=%2Fwp%2Fv2%2Fcomments&post=164"}],"version-history":[{"count":36,"href":"http:\/\/riceblues.de\/index.php?rest_route=\/wp\/v2\/pages\/164\/revisions"}],"predecessor-version":[{"id":335,"href":"http:\/\/riceblues.de\/index.php?rest_route=\/wp\/v2\/pages\/164\/revisions\/335"}],"wp:attachment":[{"href":"http:\/\/riceblues.de\/index.php?rest_route=%2Fwp%2Fv2%2Fmedia&parent=164"}],"curies":[{"name":"wp","href":"https:\/\/api.w.org\/{rel}","templated":true}]}}