{"id":309,"date":"2023-03-21T17:26:54","date_gmt":"2023-03-21T17:26:54","guid":{"rendered":"http:\/\/riceblues.de\/?page_id=309"},"modified":"2024-10-30T19:58:52","modified_gmt":"2024-10-30T19:58:52","slug":"gitarrenkurs","status":"publish","type":"page","link":"http:\/\/riceblues.de\/?page_id=309","title":{"rendered":"Gitarrenkurs"},"content":{"rendered":"\n<p>Hier findest Du Materialien f\u00fcr den Gitarrenkurs<\/p>\n\n\n\n<div data-wp-interactive=\"core\/file\" class=\"wp-block-file\"><object data-wp-bind--hidden=\"!state.hasPdfPreview\" hidden class=\"wp-block-file__embed\" data=\"http:\/\/riceblues.de\/wp-content\/uploads\/2023\/04\/Moderne-Liedbegleitung-auf-der-Gitarre-1.pdf\" type=\"application\/pdf\" style=\"width:100%;height:600px\" aria-label=\"Einbettung von Moderne-Liedbegleitung-auf-der-Gitarre-1.\"><\/object><a id=\"wp-block-file--media-31d99e47-3d41-49a0-85ba-167ffb6b3b68\" href=\"http:\/\/riceblues.de\/wp-content\/uploads\/2023\/04\/Moderne-Liedbegleitung-auf-der-Gitarre-1.pdf\">Moderne-Liedbegleitung-auf-der-Gitarre-1<\/a><a href=\"http:\/\/riceblues.de\/wp-content\/uploads\/2023\/04\/Moderne-Liedbegleitung-auf-der-Gitarre-1.pdf\" class=\"wp-block-file__button wp-element-button\" download aria-describedby=\"wp-block-file--media-31d99e47-3d41-49a0-85ba-167ffb6b3b68\">Herunterladen<\/a><\/div>\n\n\n\n<p>F\u00fcr Deine Notizen Tabulaturvorlagen als PDF<\/p>\n\n\n\n<div data-wp-interactive=\"core\/file\" class=\"wp-block-file\"><object data-wp-bind--hidden=\"!state.hasPdfPreview\" hidden class=\"wp-block-file__embed\" data=\"http:\/\/riceblues.de\/wp-content\/uploads\/2023\/03\/Tab-Noten-Akkorde.pdf\" type=\"application\/pdf\" style=\"width:100%;height:600px\" aria-label=\"Einbettung von Tab Noten Akkorde.\"><\/object><a id=\"wp-block-file--media-32213c00-e105-450f-9be0-b6e74c41766d\" href=\"http:\/\/riceblues.de\/wp-content\/uploads\/2023\/03\/Tab-Noten-Akkorde.pdf\">Tab Noten Akkorde<\/a><a href=\"http:\/\/riceblues.de\/wp-content\/uploads\/2023\/03\/Tab-Noten-Akkorde.pdf\" class=\"wp-block-file__button wp-element-button\" download aria-describedby=\"wp-block-file--media-32213c00-e105-450f-9be0-b6e74c41766d\">Herunterladen<\/a><\/div>\n\n\n\n<p>Mauri Giuliani &#8222;120 Et\u00fcden f\u00fcr die rechte Hand&#8220;, op. 1-20, Nr. 1 (1-20)<\/p>\n\n\n\n<div data-wp-interactive=\"core\/file\" class=\"wp-block-file\"><object data-wp-bind--hidden=\"!state.hasPdfPreview\" hidden class=\"wp-block-file__embed\" data=\"http:\/\/riceblues.de\/wp-content\/uploads\/2023\/04\/Giuliani-Arpeggios-No-1-20.pdf\" type=\"application\/pdf\" style=\"width:100%;height:600px\" aria-label=\"Einbettung von Giuliani-Arpeggios-No-1-20.\"><\/object><a id=\"wp-block-file--media-68c11ffb-f697-451c-aaea-c5b90647a427\" href=\"http:\/\/riceblues.de\/wp-content\/uploads\/2023\/04\/Giuliani-Arpeggios-No-1-20.pdf\">Giuliani-Arpeggios-No-1-20<\/a><a href=\"http:\/\/riceblues.de\/wp-content\/uploads\/2023\/04\/Giuliani-Arpeggios-No-1-20.pdf\" class=\"wp-block-file__button wp-element-button\" download aria-describedby=\"wp-block-file--media-68c11ffb-f697-451c-aaea-c5b90647a427\">Herunterladen<\/a><\/div>\n","protected":false},"excerpt":{"rendered":"<p>Hier findest Du Materialien f\u00fcr den Gitarrenkurs F\u00fcr Deine Notizen Tabulaturvorlagen als PDF Mauri Giuliani &#8222;120 Et\u00fcden f\u00fcr die rechte Hand&#8220;, op. 1-20, Nr. 1 (1-20)<\/p>\n","protected":false},"author":1,"featured_media":0,"parent":0,"menu_order":0,"comment_status":"closed","ping_status":"closed","template":"","meta":{"footnotes":""},"class_list":["post-309","page","type-page","status-publish","hentry"],"_links":{"self":[{"href":"http:\/\/riceblues.de\/index.php?rest_route=\/wp\/v2\/pages\/309","targetHints":{"allow":["GET"]}}],"collection":[{"href":"http:\/\/riceblues.de\/index.php?rest_route=\/wp\/v2\/pages"}],"about":[{"href":"http:\/\/riceblues.de\/index.php?rest_route=\/wp\/v2\/types\/page"}],"author":[{"embeddable":true,"href":"http:\/\/riceblues.de\/index.php?rest_route=\/wp\/v2\/users\/1"}],"replies":[{"embeddable":true,"href":"http:\/\/riceblues.de\/index.php?rest_route=%2Fwp%2Fv2%2Fcomments&post=309"}],"version-history":[{"count":9,"href":"http:\/\/riceblues.de\/index.php?rest_route=\/wp\/v2\/pages\/309\/revisions"}],"predecessor-version":[{"id":373,"href":"http:\/\/riceblues.de\/index.php?rest_route=\/wp\/v2\/pages\/309\/revisions\/373"}],"wp:attachment":[{"href":"http:\/\/riceblues.de\/index.php?rest_route=%2Fwp%2Fv2%2Fmedia&parent=309"}],"curies":[{"name":"wp","href":"https:\/\/api.w.org\/{rel}","templated":true}]}}