{"id":20,"date":"2017-10-10T22:00:04","date_gmt":"2017-10-10T22:00:04","guid":{"rendered":"http:\/\/riceblues.de\/?page_id=20"},"modified":"2023-05-11T09:14:32","modified_gmt":"2023-05-11T09:14:32","slug":"termine","status":"publish","type":"page","link":"https:\/\/riceblues.de\/?page_id=20","title":{"rendered":"Termine"},"content":{"rendered":"<p>2023<\/p>\n<p>26.5.2023 <a href=\"http:\/\/www.verzupft.de\/\">&#8222;Verzupft&#8220;<\/a> im Werkhaus<\/p>\n<p>22.5.2023 &#8222;Moderne Liedbegleitung auf der Gitarre&#8220; Teil 4 Kurs an der VHS Gilching ab 19:00 Uhr<\/p>\n<p>12.5.2023 <a href=\"https:\/\/www.kresslesmuehle.de\/\">Offene B\u00fchne Augsburg<\/a>, ab 19:00 Uhr<\/p>\n<p>8.5.2023 &#8222;Moderne Liedbegleitung auf der Gitarre&#8220; Teil 3 Kurs an der VHS Gilching ab 19:00 Uhr<\/p>\n<p>24.4.2023 &#8222;Moderne Liedbegleitung auf der Gitarre&#8220; Teil 2 Kurs an der VHS Gilching ab 19:00 Uhr<\/p>\n<p><del>4.4.2023 M\u00fcnchener Songparnass im Frauenhofer, ab 19:30 Uhr<\/del><\/p>\n<p><del>27.3.2023 &#8222;<a href=\"https:\/\/programm.vhs-gilching.org\/kurssuche\/kurs\/Moderne+Liedbegleitung+auf+der+Gitarre\/23-1-0+274#inhalt\" target=\"_blank\" rel=\"noopener\">Moderne Liedbegleitung auf der Gitarre<\/a>&#8220; Teil 1 Kurs an der <a href=\"https:\/\/programm.vhs-gilching.org\/\" target=\"_blank\" rel=\"noopener\">VHS Gilching<\/a> ab 19:00 Uhr<\/del><\/p>\n<p>2022<\/p>\n<p><del>5.5.2022 Songslam <a href=\"https:\/\/musoc.de\/jetzt-anmelden-fuer-die-naechsten-online-song-slams-2-2-2-2-3-2-2-2\/\">Musoc<\/a> No 80 im <a href=\"https:\/\/theater-drehleier.de\/programm\">Theater Drehleier<\/a>, ab 20:00 Uhr<\/del><\/p>\n<p><del>25.4.2022 Bandworkshop (privat)<\/del><\/p>\n<p><del>21.4.2022 <a href=\"http:\/\/www.bluesharp-muenchen.de\/\">Bluesharp-Stammtisch<\/a>, ab 19:30 Uhr, G\u00e4ste und Zuh\u00f6rer sind willkommen<\/del><\/p>\n<p><del>20.4.2022 <a href=\"https:\/\/import-export.cc\/event\/singer-songwriter-session-8\/\">Singer\/Songwriter-Session\u00a0 <\/a>im Import\/Export, ab 19:00 Uhr<\/del><\/p>\n<p>2021<\/p>\n<p><del>22.10.2021\u00a0 <a href=\"https:\/\/www.facebook.com\/events\/337850501464322\/?ref=newsfeed\">Cafe Wildwuchs<\/a>\u00a0 mit <a href=\"http:\/\/www.verzupft.de\/\">&#8222;Verzupft&#8220;<\/a>, <span class=\"d2edcug0 hpfvmrgz qv66sw1b c1et5uql lr9zc1uh a8c37x1j keod5gw0 nxhoafnm aigsh9s9 d3f4x2em fe6kdd0r mau55g9w c8b282yb iv3no6db a5q79mjw g1cxx5fr b1v8xokw m9osqain hzawbc8m\" dir=\"auto\"><span class=\"a8c37x1j ni8dbmo4 stjgntxs l9j0dhe7 ltmttdrg g0qnabr5 ojkyduve\">Leonrodstr.19, M\u00fcnchen<\/span><\/span>, ab 19:00 Uhr<\/del><\/p>\n<p><del>21.10.2021 <a href=\"https:\/\/www.pelkovenschloessl.de\/\">Pelkovenschl\u00f6ssel<\/a>,\u00a0 20:15 Uhr<\/del><\/p>\n<p><del>09.10.2021 <a href=\"https:\/\/hey.bayern\/events\/175099\">Tag des offenen Ateliers<\/a>, W\u00f6rthsee, B\u00fchne am Maibaum, 14-15 Uhr\u00a0 <\/del>(musste ich leider absagen)<br \/>\n<del>08.10.2021 <a href=\"https:\/\/www.facebook.com\/events\/337850501464322\/?ref=newsfeed\">Cafe Wildwuchs<\/a> im Werkhaus, <span class=\"d2edcug0 hpfvmrgz qv66sw1b c1et5uql lr9zc1uh a8c37x1j keod5gw0 nxhoafnm aigsh9s9 d3f4x2em fe6kdd0r mau55g9w c8b282yb iv3no6db a5q79mjw g1cxx5fr b1v8xokw m9osqain hzawbc8m\" dir=\"auto\"><span class=\"a8c37x1j ni8dbmo4 stjgntxs l9j0dhe7 ltmttdrg g0qnabr5 ojkyduve\">Leonrodstr.19, M\u00fcnchen<\/span><\/span>, ab 20 Uhr<\/del><\/p>\n<p><del>03.10.2021 <a href=\"https:\/\/bn-seefeld.de\/termine\/termin\/250-jahr-feier-eichenallee\/\">Eichenalleefest<\/a>, Seefeld, B\u00fchne im Gut Delling, 13:30-14:00 Uhr, <\/del><a href=\"http:\/\/riceblues.de\/wp-content\/uploads\/2021\/10\/Eichenalle_final.pdf\"><del>Flyer<\/del><\/a><\/p>\n<p><del>31.7.2021 House of Harmony, Privatveranstaltung<\/del><\/p>\n<p><del>21.07.2021 <a href=\"https:\/\/www.facebook.com\/events\/841125373482115\">Isarlauschen<\/a> Offene B\u00fchne am Flaucher, ab 18:30 Uhr<\/del><\/p>\n<p><del>06.07.2021 Folk Session mit Titus Waldenfels in der <a href=\"https:\/\/www.glockenbachwerkstatt.de\/veranstaltungen\">Glockenbachwerkstatt<\/a>, ab 19:30 Uhr<\/del><\/p>\n<p>2020<\/p>\n<p><del>11.10.2020 &#8222;W\u00f6rthsee zeig sich&#8220; in W\u00f6rthsee, Pavillon am Maibaumplatz von 14-15 Uhr Ralph Leonhardt &amp; Friends<\/del><\/p>\n<p><del>24.4.2020 Werkhaus Leonrodstrasse , <a href=\"http:\/\/www.wildwuchs.verzupft.de\/\">Cafe &#8222;Wildwuchs&#8220;<\/a>, ab 20:30 Uhr<\/del><\/p>\n<p><del>23.4.2020 Open Stage im <a href=\"https:\/\/www.pelkovenschloessl.de\">Pelkovenschl\u00f6ssl, ab 20 Uhr<\/a><\/del><\/p>\n<p><del>4.3.2020 Irish Pub Michelsberg, Wiesbaden ab 21:30 Uhr<\/del><\/p>\n<p><del>24.1.2020 Werkhaus Leonrodstra\u00dfe, Caf\u00e8 &#8222;Wildwuchs&#8220;, Offene B\u00fchne &#8222;verzupft&#8220;<\/del><\/p>\n<p>2019<\/p>\n<p><del>9.7.2019 im <a href=\"https:\/\/www.artsandboards.info\/\">Arts&#8217;n&#8217;Boards<\/a><\/del><\/p>\n<p><del>28.6.2019 bei <a href=\"https:\/\/www.munichmag.de\/events\/ludwig-und-kunst-die-offene-buehne-3\/\">Ludwig und Kunst<\/a>, im Rationaltheater<\/del><\/p>\n<p><del>18.5.2019 Wirtshaus am Sportpark<\/del><\/p>\n<p><del>11.-13.1.2019 <a href=\"http:\/\/www.erfurter-liedermacherfestival.de\/\">Erfurter Liedermacherfestival 2019<\/a><\/del><\/p>\n<p><del>24.1.2019 Pelkovenschl\u00f6ssl<\/del><\/p>\n<p>2018<\/p>\n<p><del>9.12.2018 ISEMUC bei Heppel &amp; Ettlich<\/del><\/p>\n<p><del>11.10.2018 ISEMUC bei Heppel &amp; Ettlich<\/del><del><\/del><\/p>\n<p><del>21.6.2018 Bei Rudies Road Show im <\/del><a href=\"http:\/\/www.ars-musica-muenchen.de\/\"><del>Stemmerhof<\/del><\/a><\/p>\n<p><del>5.6.2018 <a href=\"https:\/\/www.zumduelfer.de\/\">Zum D\u00fclfer<\/a> ab 20:30 Uhr &#8211; ganz spontan<\/del><\/p>\n<p><del>22.3.2018 Pelkovenschl\u00f6ssl<\/del><\/p>\n<p><del>9.2.2018 Bei Rudies Road Show im <\/del><a href=\"http:\/\/www.ars-musica-muenchen.de\/\"><del>Stemmerhof<\/del><\/a><\/p>\n<p><del>11.12.2017 <a href=\"http:\/\/www.paulsolecki.com\/\">Paul Solecki<\/a>&#8217;s Open Mike auf der WeltB\u00fchne im <\/del><a href=\"https:\/\/www.einewelthaus.de\/\"><del>EineWeltHaus<\/del><\/a><\/p>\n<p><del>27.11.2017 <a href=\"http:\/\/www.paulsolecki.com\/\">Paul Solecki<\/a>&#8217;s Open Mike auf der WeltB\u00fchne im <\/del><a href=\"https:\/\/www.einewelthaus.de\/\"><del>EineWeltHaus<\/del><\/a><\/p>\n<p><del>20.11.2017 <a href=\"http:\/\/www.heppel-ettlich.de\/international-songwriters-evening-85\/\">ISEMUC<\/a> im\u00a0 <\/del><a href=\"http:\/\/www.heppel-ettlich.de\/\"><del>Heppel &amp; Ettlich<\/del><\/a><\/p>\n<p><del>14.11.2017 Bardentreffen im <\/del><a href=\"http:\/\/www.ars-musica-muenchen.de\/\"><del>Ars Musica im Stemmerhof<\/del><\/a><\/p>\n<p><del>13.11.2017 <a href=\"http:\/\/www.paulsolecki.com\/\">Paul Solecki<\/a>&#8217;s Open Mike auf der WeltB\u00fchne im <\/del><a href=\"https:\/\/www.einewelthaus.de\/\"><del>EineWeltHaus<\/del><\/a><\/p>\n<p><del>23.10.2017 <a href=\"http:\/\/www.paulsolecki.com\/\">Paul Solecki<\/a>&#8217;s Open Mike auf der WeltB\u00fchne im <a href=\"https:\/\/www.einewelthaus.de\/\">EineWeltHaus<\/a><\/del><\/p>\n<p><del datetime=\"2017-10-22T17:32:47+00:00\">19.10.2017 Pelkovenschl\u00f6ssl Moosach<\/del><\/p>\n","protected":false},"excerpt":{"rendered":"<p>2023 26.5.2023 &#8222;Verzupft&#8220; im Werkhaus 22.5.2023 &#8222;Moderne Liedbegleitung auf der Gitarre&#8220; Teil 4 Kurs an der VHS Gilching ab 19:00 Uhr 12.5.2023 Offene B\u00fchne Augsburg, ab 19:00 Uhr 8.5.2023 &#8222;Moderne Liedbegleitung auf der Gitarre&#8220; Teil&hellip; <\/p>\n<p><a class=\"more-link\" href=\"https:\/\/riceblues.de\/?page_id=20\">Termine weiterlesen<\/a><\/p>\n","protected":false},"author":1,"featured_media":0,"parent":0,"menu_order":0,"comment_status":"closed","ping_status":"closed","template":"","meta":{"footnotes":""},"class_list":["post-20","page","type-page","status-publish","hentry"],"_links":{"self":[{"href":"https:\/\/riceblues.de\/index.php?rest_route=\/wp\/v2\/pages\/20","targetHints":{"allow":["GET"]}}],"collection":[{"href":"https:\/\/riceblues.de\/index.php?rest_route=\/wp\/v2\/pages"}],"about":[{"href":"https:\/\/riceblues.de\/index.php?rest_route=\/wp\/v2\/types\/page"}],"author":[{"embeddable":true,"href":"https:\/\/riceblues.de\/index.php?rest_route=\/wp\/v2\/users\/1"}],"replies":[{"embeddable":true,"href":"https:\/\/riceblues.de\/index.php?rest_route=%2Fwp%2Fv2%2Fcomments&post=20"}],"version-history":[{"count":69,"href":"https:\/\/riceblues.de\/index.php?rest_route=\/wp\/v2\/pages\/20\/revisions"}],"predecessor-version":[{"id":376,"href":"https:\/\/riceblues.de\/index.php?rest_route=\/wp\/v2\/pages\/20\/revisions\/376"}],"wp:attachment":[{"href":"https:\/\/riceblues.de\/index.php?rest_route=%2Fwp%2Fv2%2Fmedia&parent=20"}],"curies":[{"name":"wp","href":"https:\/\/api.w.org\/{rel}","templated":true}]}}