{"id":31,"date":"2017-10-12T22:25:20","date_gmt":"2017-10-12T22:25:20","guid":{"rendered":"http:\/\/riceblues.de\/?page_id=31"},"modified":"2021-12-15T16:52:55","modified_gmt":"2021-12-15T16:52:55","slug":"bio","status":"publish","type":"page","link":"https:\/\/riceblues.de\/?page_id=31","title":{"rendered":"Bio"},"content":{"rendered":"<p>Zwischen urbanem Blues und romantischem Stadtbardentum verortet, poetisch wie politisch, witzig und melancholisch betreibt Ralph Leonhardt nach Jahren im Bluesgesch\u00e4ft (&#8222;Rice Blues&#8220;) seine private Songmachingmanufatur. Geboren in Berlin hat es ihn beruflich nach M\u00fcnchen an die Isar verschlagen, nur um festzustellen, dass in Liebe und Narretei beide St\u00e4dte so verschieden nicht sind.<br \/>\nAls Stammgast in den Liedermacherkellern, Kleinkunstb\u00fchnen und Open Stages der Stadt M\u00fcnchen, mitunter auch als Stra\u00dfenmusiker, singt er Euch den Alltag und das betonierte Westkreuz bunt. Hartes wie Zartes, nichts wird ausgespart. Aber vor allem: Habt Spa\u00df dabei!<\/p>\n","protected":false},"excerpt":{"rendered":"<p>Zwischen urbanem Blues und romantischem Stadtbardentum verortet, poetisch wie politisch, witzig und melancholisch betreibt Ralph Leonhardt nach Jahren im Bluesgesch\u00e4ft (&#8222;Rice Blues&#8220;) seine private Songmachingmanufatur. Geboren in Berlin hat es ihn beruflich nach M\u00fcnchen an&hellip; <\/p>\n<p><a class=\"more-link\" href=\"https:\/\/riceblues.de\/?page_id=31\">Bio weiterlesen<\/a><\/p>\n","protected":false},"author":1,"featured_media":0,"parent":0,"menu_order":0,"comment_status":"closed","ping_status":"closed","template":"","meta":{"footnotes":""},"class_list":["post-31","page","type-page","status-publish","hentry"],"_links":{"self":[{"href":"https:\/\/riceblues.de\/index.php?rest_route=\/wp\/v2\/pages\/31","targetHints":{"allow":["GET"]}}],"collection":[{"href":"https:\/\/riceblues.de\/index.php?rest_route=\/wp\/v2\/pages"}],"about":[{"href":"https:\/\/riceblues.de\/index.php?rest_route=\/wp\/v2\/types\/page"}],"author":[{"embeddable":true,"href":"https:\/\/riceblues.de\/index.php?rest_route=\/wp\/v2\/users\/1"}],"replies":[{"embeddable":true,"href":"https:\/\/riceblues.de\/index.php?rest_route=%2Fwp%2Fv2%2Fcomments&post=31"}],"version-history":[{"count":3,"href":"https:\/\/riceblues.de\/index.php?rest_route=\/wp\/v2\/pages\/31\/revisions"}],"predecessor-version":[{"id":255,"href":"https:\/\/riceblues.de\/index.php?rest_route=\/wp\/v2\/pages\/31\/revisions\/255"}],"wp:attachment":[{"href":"https:\/\/riceblues.de\/index.php?rest_route=%2Fwp%2Fv2%2Fmedia&parent=31"}],"curies":[{"name":"wp","href":"https:\/\/api.w.org\/{rel}","templated":true}]}}